{"id":4694,"date":"2025-10-22T16:01:19","date_gmt":"2025-10-22T13:01:19","guid":{"rendered":"https:\/\/seepree.com\/?page_id=4694"},"modified":"2025-10-22T16:37:23","modified_gmt":"2025-10-22T13:37:23","slug":"downloadpage","status":"publish","type":"page","link":"https:\/\/seepree.com\/?page_id=4694","title":{"rendered":"downloadpage"},"content":{"rendered":"\t\t<div data-elementor-type=\"wp-page\" data-elementor-id=\"4694\" class=\"elementor elementor-4694\">\n\t\t\t\t<div class=\"elementor-element elementor-element-e0df309 e-con-full e-flex e-con e-parent\" data-id=\"e0df309\" data-element_type=\"container\" data-settings=\"{&quot;background_background&quot;:&quot;classic&quot;}\">\n\t\t<div class=\"elementor-element elementor-element-ab9104d e-flex e-con-boxed e-con e-child\" data-id=\"ab9104d\" data-element_type=\"container\">\n\t\t\t\t\t<div class=\"e-con-inner\">\n\t\t<div class=\"elementor-element elementor-element-2f25ea8 e-con-full e-flex e-con e-child\" data-id=\"2f25ea8\" data-element_type=\"container\" data-settings=\"{&quot;background_background&quot;:&quot;classic&quot;}\">\n\t\t\t\t<div class=\"elementor-element elementor-element-bb7b689 elementor-widget elementor-widget-heading\" data-id=\"bb7b689\" data-element_type=\"widget\" data-widget_type=\"heading.default\">\n\t\t\t\t\t<h2 class=\"elementor-heading-title elementor-size-default\">ETK\u0130NL\u0130K Y\u00d6NET\u0130M UYGULAMASI<\/h2>\t\t\t\t<\/div>\n\t\t<div class=\"elementor-element elementor-element-8d644f6 e-grid e-con-full e-con e-child\" data-id=\"8d644f6\" data-element_type=\"container\">\n\t\t\t\t<div class=\"elementor-element elementor-element-12403d4 elementor-widget elementor-widget-image\" data-id=\"12403d4\" data-element_type=\"widget\" data-widget_type=\"image.default\">\n\t\t\t\t\t\t\t\t\t\t\t\t\t\t\t<img fetchpriority=\"high\" decoding=\"async\" width=\"768\" height=\"768\" src=\"https:\/\/seepree.com\/wp-content\/uploads\/2025\/10\/events-768x768.png\" class=\"attachment-medium_large size-medium_large wp-image-4696\" alt=\"\" srcset=\"https:\/\/seepree.com\/wp-content\/uploads\/2025\/10\/events-768x768.png 768w, https:\/\/seepree.com\/wp-content\/uploads\/2025\/10\/events-300x300.png 300w, https:\/\/seepree.com\/wp-content\/uploads\/2025\/10\/events-1024x1024.png 1024w, https:\/\/seepree.com\/wp-content\/uploads\/2025\/10\/events-150x150.png 150w, https:\/\/seepree.com\/wp-content\/uploads\/2025\/10\/events-1536x1536.png 1536w, https:\/\/seepree.com\/wp-content\/uploads\/2025\/10\/events-760x760.png 760w, https:\/\/seepree.com\/wp-content\/uploads\/2025\/10\/events.png 2000w\" sizes=\"(max-width: 768px) 100vw, 768px\" \/>\t\t\t\t\t\t\t\t\t\t\t\t\t\t\t<\/div>\n\t\t\t\t<div class=\"elementor-element elementor-element-afda614 elementor-widget elementor-widget-text-editor\" data-id=\"afda614\" data-element_type=\"widget\" data-widget_type=\"text-editor.default\">\n\t\t\t\t\t\t\t\t\t<p>Etkinlik y\u00f6netiminin en <span style=\"color: #a1caff;\">Ak\u0131ll\u0131<\/span> ve <span style=\"color: #a1caff;\">Pratik<\/span> \u00e7\u00f6z\u00fcm\u00fc. Etkinliklerinizde her ayr\u0131nt\u0131y\u0131 kusursuzca planlay\u0131n, kat\u0131l\u0131mc\u0131lar\u0131n\u0131z\u0131n beklentilerini a\u015farak unutulmaz anlar yarat\u0131n!<\/p>\t\t\t\t\t\t\t\t<\/div>\n\t\t\t\t<\/div>\n\t\t<div class=\"elementor-element elementor-element-0dfc651 e-grid e-con-full e-con e-child\" data-id=\"0dfc651\" data-element_type=\"container\">\n\t\t\t\t<div class=\"elementor-element elementor-element-c3f42d7 elementor-position-left elementor-vertical-align-middle elementor-widget elementor-widget-image-box\" data-id=\"c3f42d7\" data-element_type=\"widget\" data-widget_type=\"image-box.default\">\n\t\t\t\t\t<div class=\"elementor-image-box-wrapper\"><figure class=\"elementor-image-box-img\"><a href=\"https:\/\/apps.apple.com\/tr\/app\/seepree\/id6505143806?l=tr\" target=\"_blank\" tabindex=\"-1\"><img decoding=\"async\" width=\"150\" height=\"150\" src=\"https:\/\/seepree.com\/wp-content\/uploads\/2025\/10\/apple-logo-150x150.png\" class=\"attachment-thumbnail size-thumbnail wp-image-4700\" alt=\"\" srcset=\"https:\/\/seepree.com\/wp-content\/uploads\/2025\/10\/apple-logo-150x150.png 150w, https:\/\/seepree.com\/wp-content\/uploads\/2025\/10\/apple-logo-300x300.png 300w, https:\/\/seepree.com\/wp-content\/uploads\/2025\/10\/apple-logo.png 512w\" sizes=\"(max-width: 150px) 100vw, 150px\" \/><\/a><\/figure><div class=\"elementor-image-box-content\"><h4 class=\"elementor-image-box-title\"><a href=\"https:\/\/apps.apple.com\/tr\/app\/seepree\/id6505143806?l=tr\" target=\"_blank\">Hemen \u0130ndirin<\/a><\/h4><p class=\"elementor-image-box-description\">App Store<\/p><\/div><\/div>\t\t\t\t<\/div>\n\t\t\t\t<div class=\"elementor-element elementor-element-6b033bb elementor-position-left elementor-vertical-align-middle elementor-widget elementor-widget-image-box\" data-id=\"6b033bb\" data-element_type=\"widget\" data-widget_type=\"image-box.default\">\n\t\t\t\t\t<div class=\"elementor-image-box-wrapper\"><figure class=\"elementor-image-box-img\"><a href=\"https:\/\/play.google.com\/store\/apps\/details?id=com.seepreeapp&#038;gl=TR\" target=\"_blank\" tabindex=\"-1\"><img decoding=\"async\" width=\"150\" height=\"150\" src=\"https:\/\/seepree.com\/wp-content\/uploads\/2025\/10\/google-play-150x150.png\" class=\"attachment-thumbnail size-thumbnail wp-image-4701\" alt=\"\" srcset=\"https:\/\/seepree.com\/wp-content\/uploads\/2025\/10\/google-play-150x150.png 150w, https:\/\/seepree.com\/wp-content\/uploads\/2025\/10\/google-play-300x300.png 300w, https:\/\/seepree.com\/wp-content\/uploads\/2025\/10\/google-play.png 512w\" sizes=\"(max-width: 150px) 100vw, 150px\" \/><\/a><\/figure><div class=\"elementor-image-box-content\"><h4 class=\"elementor-image-box-title\"><a href=\"https:\/\/play.google.com\/store\/apps\/details?id=com.seepreeapp&#038;gl=TR\" target=\"_blank\">Hemen \u0130ndirin<\/a><\/h4><p class=\"elementor-image-box-description\">Play Store<\/p><\/div><\/div>\t\t\t\t<\/div>\n\t\t\t\t<div class=\"elementor-element elementor-element-f8d3976 elementor-position-left elementor-vertical-align-middle elementor-widget elementor-widget-image-box\" data-id=\"f8d3976\" data-element_type=\"widget\" data-widget_type=\"image-box.default\">\n\t\t\t\t\t<div class=\"elementor-image-box-wrapper\"><figure class=\"elementor-image-box-img\"><img loading=\"lazy\" decoding=\"async\" width=\"150\" height=\"150\" src=\"https:\/\/seepree.com\/wp-content\/uploads\/2025\/10\/huawei-150x150.png\" class=\"attachment-thumbnail size-thumbnail wp-image-4702\" alt=\"\" srcset=\"https:\/\/seepree.com\/wp-content\/uploads\/2025\/10\/huawei-150x150.png 150w, https:\/\/seepree.com\/wp-content\/uploads\/2025\/10\/huawei-300x300.png 300w, https:\/\/seepree.com\/wp-content\/uploads\/2025\/10\/huawei.png 512w\" sizes=\"(max-width: 150px) 100vw, 150px\" \/><\/figure><div class=\"elementor-image-box-content\"><h4 class=\"elementor-image-box-title\">Hemen \u0130ndirin<\/h4><p class=\"elementor-image-box-description\">AppGallery<\/p><\/div><\/div>\t\t\t\t<\/div>\n\t\t\t\t<\/div>\n\t\t<div class=\"elementor-element elementor-element-40733a7 e-con-full e-flex e-con e-child\" data-id=\"40733a7\" data-element_type=\"container\">\n\t\t\t\t<div class=\"elementor-element elementor-element-1eb4eba elementor-widget elementor-widget-text-editor\" data-id=\"1eb4eba\" data-element_type=\"widget\" data-widget_type=\"text-editor.default\">\n\t\t\t\t\t\t\t\t\t<p style=\"text-align: center;\">T\u00fcm Sorular\u0131n\u0131z i\u00e7in\u00a0<span style=\"color: #a1caff;\"><a class=\"text-center\" style=\"color: #a1caff;\" href=\"mailto:support@seepree.com\">support@seepree.com<\/a><\/span>\u00a0bizimle ileti\u015fime ge\u00e7ebilirsiniz.<\/p>\t\t\t\t\t\t\t\t<\/div>\n\t\t\t\t<\/div>\n\t\t\t\t<\/div>\n\t\t\t\t\t<\/div>\n\t\t\t\t<\/div>\n\t\t\t\t<\/div>\n\t\t\t\t<\/div>\n\t\t","protected":false},"excerpt":{"rendered":"<p>ETK\u0130NL\u0130K Y\u00d6NET\u0130M UYGULAMASI Etkinlik y\u00f6netiminin en Ak\u0131ll\u0131 ve Pratik \u00e7\u00f6z\u00fcm\u00fc. Etkinliklerinizde her ayr\u0131nt\u0131y\u0131 kusursuzca planlay\u0131n, kat\u0131l\u0131mc\u0131lar\u0131n\u0131z\u0131n beklentilerini a\u015farak unutulmaz anlar yarat\u0131n! Hemen \u0130ndirin App Store Hemen \u0130ndirin Play Store Hemen \u0130ndirin AppGallery T\u00fcm Sorular\u0131n\u0131z i\u00e7in\u00a0support@seepree.com\u00a0bizimle ileti\u015fime ge\u00e7ebilirsiniz.<\/p>\n","protected":false},"author":1,"featured_media":0,"parent":0,"menu_order":0,"comment_status":"closed","ping_status":"closed","template":"","meta":{"footnotes":""},"class_list":["post-4694","page","type-page","status-publish","hentry"],"_links":{"self":[{"href":"https:\/\/seepree.com\/index.php?rest_route=\/wp\/v2\/pages\/4694","targetHints":{"allow":["GET"]}}],"collection":[{"href":"https:\/\/seepree.com\/index.php?rest_route=\/wp\/v2\/pages"}],"about":[{"href":"https:\/\/seepree.com\/index.php?rest_route=\/wp\/v2\/types\/page"}],"author":[{"embeddable":true,"href":"https:\/\/seepree.com\/index.php?rest_route=\/wp\/v2\/users\/1"}],"replies":[{"embeddable":true,"href":"https:\/\/seepree.com\/index.php?rest_route=%2Fwp%2Fv2%2Fcomments&post=4694"}],"version-history":[{"count":10,"href":"https:\/\/seepree.com\/index.php?rest_route=\/wp\/v2\/pages\/4694\/revisions"}],"predecessor-version":[{"id":4712,"href":"https:\/\/seepree.com\/index.php?rest_route=\/wp\/v2\/pages\/4694\/revisions\/4712"}],"wp:attachment":[{"href":"https:\/\/seepree.com\/index.php?rest_route=%2Fwp%2Fv2%2Fmedia&parent=4694"}],"curies":[{"name":"wp","href":"https:\/\/api.w.org\/{rel}","templated":true}]}}