{"id":1391,"date":"2019-11-25T09:07:40","date_gmt":"2019-11-25T09:07:40","guid":{"rendered":"http:\/\/wpdemo.archiwp.com\/onum\/?page_id=1391"},"modified":"2019-11-25T09:07:40","modified_gmt":"2019-11-25T09:07:40","slug":"blog-grid","status":"publish","type":"page","link":"https:\/\/seepree.com\/?page_id=1391","title":{"rendered":"Blog Grid"},"content":{"rendered":"\t\t<div data-elementor-type=\"wp-page\" data-elementor-id=\"1391\" class=\"elementor elementor-1391\">\n\t\t\t\t\t\t<section class=\"elementor-section elementor-top-section elementor-element elementor-element-ac89bca elementor-section-boxed elementor-section-height-default elementor-section-height-default\" data-id=\"ac89bca\" data-element_type=\"section\">\n\t\t\t\t\t\t<div class=\"elementor-container elementor-column-gap-default\">\n\t\t\t\t\t<div class=\"elementor-column elementor-col-100 elementor-top-column elementor-element elementor-element-505a58f ot-flex-column-vertical\" data-id=\"505a58f\" data-element_type=\"column\">\n\t\t\t<div class=\"elementor-widget-wrap elementor-element-populated\">\n\t\t\t\t\t\t<div class=\"elementor-element elementor-element-f53b528 elementor-widget elementor-widget-ipost_grid\" data-id=\"f53b528\" data-element_type=\"widget\" data-widget_type=\"ipost_grid.default\">\n\t\t\t\t<div class=\"elementor-widget-container\">\n\t\t\t\t\t\r\n\t\t<div class=\"blog-grid pf_3_cols\">\r\n\t\t\t<div class=\"post-grid-sizer\"><\/div>\r\n         \r\n\t\t\t\t<article id=\"post-1\" class=\"post-box masonry-post-item post-1 post type-post status-publish format-standard hentry category-genel\">\r\n\t\t\t\t\t<div class=\"post-inner\">\r\n\t\t\t\t\t    \t\t\t\t\t    <div class=\"inner-post\">\r\n\t\t\t\t\t    \t<div class=\"post-cat\"><span class=\"posted-in\"> <a href=\"https:\/\/seepree.com\/?cat=1\" rel=\"category\">Genel<\/a><\/span><\/div>\t\t\t\t\t        <div class=\"entry-header\">\r\n\t\t\t\t\t        \t\t\t\t\t\t\t            <div class=\"entry-meta\">\r\n\t\t\t\t\t\t                <span class=\"byline\"><a class=\"url fn n\" href=\"https:\/\/seepree.com\/?author=1\"><i class=\"flaticon-user\"><\/i> alpataadmin<\/a><\/span><span class=\"posted-on\"><a href=\"https:\/\/seepree.com\/?p=1\" rel=\"bookmark\"><i class=\"flaticon-clock\"><\/i> <time class=\"entry-date published updated\" datetime=\"2025-10-21T16:17:00+03:00\">21 Ekim 2025<\/time><\/a><\/span><span class=\"comment-num\"><a href=\"https:\/\/seepree.com\/?p=1#comments\"><i class=\"flaticon-chat\"><\/i> 1 Comment<\/a><\/span>\t\t\t\t\t\t            <\/div><!-- .entry-meta -->\r\n\t\t\t\t\t            \t\t\t\t\t            <h3 class=\"entry-title\"><a href=\"https:\/\/seepree.com\/?p=1\" rel=\"bookmark\">Merhaba d\u00fcnya!<\/a><\/h3>\t\t\t\t\t        <\/div><!-- .entry-header -->\r\n\r\n\t\t\t\t\t        \t\t\t\t\t        <div class=\"entry-summary the-excerpt\">\r\n\t\t\t\t\t            WordPress&#8217;e ho\u015f geldiniz. Bu sizin ilk yaz\u0131n\u0131z. Bu yaz\u0131y\u0131 d\u00fczenleyin ya da...\t\t\t\t\t        <\/div><!-- .entry-content -->\r\n\t\t\t\t\t        \r\n\t\t\t\t\t        \t\t\t\t\t    <\/div>\r\n\t\t\t\t\t<\/div>\r\n\t\t\t\t<\/article>\r\n\t         \r\n\t\t\t\t<article id=\"post-4496\" class=\"post-box masonry-post-item post-4496 post type-post status-publish format-image has-post-thumbnail hentry category-marketing category-seo tag-business tag-marketing tag-seo post_format-post-format-image\">\r\n\t\t\t\t\t<div class=\"post-inner\">\r\n\t\t\t\t\t    \t\t\t\t\t    \t<div class=\"entry-media\">\r\n\t\t\t\t\t\t\t\t<div class=\"post-cat\"><span class=\"posted-in\"> <a href=\"https:\/\/seepree.com\/?cat=5\" rel=\"category\">Marketing<\/a> <a href=\"https:\/\/seepree.com\/?cat=6\" rel=\"category\">SEO<\/a><\/span><\/div>\t\t\t\t\t\t\t\t\t\t\t\t\t\t\t\t\t\t\t\t\t\t\t\t\t                  \r\n\t\t\t\t\t\t\t\t        \t\t\t\t            \r\n\t\t\t\t\t\t\t\t            <a href=\"https:\/\/seepree.com\/?p=4496\">\r\n\t\t\t\t\t\t\t\t            \t<img fetchpriority=\"high\" decoding=\"async\" src=\"https:\/\/seepree.com\/wp-content\/uploads\/2019\/11\/post-6-750x500.jpg\" alt=\"\" width=\"750\" height=\"500\">\r\n\t\t\t\t\t\t\t\t            <\/a>\r\n\t\t\t\t\t\t\t\t                        \r\n\t\t\t\t\t\t\t\t    \t\t\t\t\t\t\t\t\t\t\t\t\t\t\t<\/div>\t\t\t\t\t\t\r\n\t\t\t\t\t    \t\t\t\t\t    <div class=\"inner-post\">\r\n\t\t\t\t\t    \t\t\t\t\t\t        <div class=\"entry-header\">\r\n\t\t\t\t\t        \t\t\t\t\t\t\t            <div class=\"entry-meta\">\r\n\t\t\t\t\t\t                <span class=\"byline\"><a class=\"url fn n\" href=\"https:\/\/seepree.com\/?author=1\"><i class=\"flaticon-user\"><\/i> alpataadmin<\/a><\/span><span class=\"posted-on\"><a href=\"https:\/\/seepree.com\/?p=4496\" rel=\"bookmark\"><i class=\"flaticon-clock\"><\/i> <time class=\"entry-date published updated\" datetime=\"2019-11-21T04:46:58+03:00\">21 Kas\u0131m 2019<\/time><\/a><\/span><span class=\"comment-num\"><a href=\"https:\/\/seepree.com\/?p=4496#comments\"><i class=\"flaticon-chat\"><\/i> 4 Comments<\/a><\/span>\t\t\t\t\t\t            <\/div><!-- .entry-meta -->\r\n\t\t\t\t\t            \t\t\t\t\t            <h3 class=\"entry-title\"><a href=\"https:\/\/seepree.com\/?p=4496\" rel=\"bookmark\">15 SEO Best Practices:  Website Architecture<\/a><\/h3>\t\t\t\t\t        <\/div><!-- .entry-header -->\r\n\r\n\t\t\t\t\t        \t\t\t\t\t        <div class=\"entry-summary the-excerpt\">\r\n\t\t\t\t\t            The basic premise of search engine reputation management is to use the...\t\t\t\t\t        <\/div><!-- .entry-content -->\r\n\t\t\t\t\t        \r\n\t\t\t\t\t        \t\t\t\t\t    <\/div>\r\n\t\t\t\t\t<\/div>\r\n\t\t\t\t<\/article>\r\n\t         \r\n\t\t\t\t<article id=\"post-4495\" class=\"post-box masonry-post-item post-4495 post type-post status-publish format-image has-post-thumbnail hentry category-marketing category-seo tag-business tag-marketing tag-seo post_format-post-format-image\">\r\n\t\t\t\t\t<div class=\"post-inner\">\r\n\t\t\t\t\t    \t\t\t\t\t    \t<div class=\"entry-media\">\r\n\t\t\t\t\t\t\t\t<div class=\"post-cat\"><span class=\"posted-in\"> <a href=\"https:\/\/seepree.com\/?cat=5\" rel=\"category\">Marketing<\/a> <a href=\"https:\/\/seepree.com\/?cat=6\" rel=\"category\">SEO<\/a><\/span><\/div>\t\t\t\t\t\t\t\t\t\t\t\t\t\t\t\t\t\t\t\t\t\t\t\t\t                  \r\n\t\t\t\t\t\t\t\t        \t\t\t\t            \r\n\t\t\t\t\t\t\t\t            <a href=\"https:\/\/seepree.com\/?p=4495\">\r\n\t\t\t\t\t\t\t\t            \t<img fetchpriority=\"high\" decoding=\"async\" src=\"https:\/\/seepree.com\/wp-content\/uploads\/2019\/11\/post-6-750x500.jpg\" alt=\"\" width=\"750\" height=\"500\">\r\n\t\t\t\t\t\t\t\t            <\/a>\r\n\t\t\t\t\t\t\t\t                        \r\n\t\t\t\t\t\t\t\t    \t\t\t\t\t\t\t\t\t\t\t\t\t\t\t<\/div>\t\t\t\t\t\t\r\n\t\t\t\t\t    \t\t\t\t\t    <div class=\"inner-post\">\r\n\t\t\t\t\t    \t\t\t\t\t\t        <div class=\"entry-header\">\r\n\t\t\t\t\t        \t\t\t\t\t\t\t            <div class=\"entry-meta\">\r\n\t\t\t\t\t\t                <span class=\"byline\"><a class=\"url fn n\" href=\"https:\/\/seepree.com\/?author=1\"><i class=\"flaticon-user\"><\/i> alpataadmin<\/a><\/span><span class=\"posted-on\"><a href=\"https:\/\/seepree.com\/?p=4495\" rel=\"bookmark\"><i class=\"flaticon-clock\"><\/i> <time class=\"entry-date published updated\" datetime=\"2019-11-21T04:46:58+03:00\">21 Kas\u0131m 2019<\/time><\/a><\/span><span class=\"comment-num\"><a href=\"https:\/\/seepree.com\/?p=4495#comments\"><i class=\"flaticon-chat\"><\/i> 6 Comments<\/a><\/span>\t\t\t\t\t\t            <\/div><!-- .entry-meta -->\r\n\t\t\t\t\t            \t\t\t\t\t            <h3 class=\"entry-title\"><a href=\"https:\/\/seepree.com\/?p=4495\" rel=\"bookmark\">15 SEO Best Practices:  Website Architecture<\/a><\/h3>\t\t\t\t\t        <\/div><!-- .entry-header -->\r\n\r\n\t\t\t\t\t        \t\t\t\t\t        <div class=\"entry-summary the-excerpt\">\r\n\t\t\t\t\t            The basic premise of search engine reputation management is to use the...\t\t\t\t\t        <\/div><!-- .entry-content -->\r\n\t\t\t\t\t        \r\n\t\t\t\t\t        \t\t\t\t\t    <\/div>\r\n\t\t\t\t\t<\/div>\r\n\t\t\t\t<\/article>\r\n\t         \r\n\t\t\t\t<article id=\"post-4494\" class=\"post-box masonry-post-item post-4494 post type-post status-publish format-image has-post-thumbnail hentry category-marketing category-seo tag-smm tag-solution post_format-post-format-image\">\r\n\t\t\t\t\t<div class=\"post-inner\">\r\n\t\t\t\t\t    \t\t\t\t\t    \t<div class=\"entry-media\">\r\n\t\t\t\t\t\t\t\t<div class=\"post-cat\"><span class=\"posted-in\"> <a href=\"https:\/\/seepree.com\/?cat=5\" rel=\"category\">Marketing<\/a> <a href=\"https:\/\/seepree.com\/?cat=6\" rel=\"category\">SEO<\/a><\/span><\/div>\t\t\t\t\t\t\t\t\t\t\t\t\t\t\t\t\t\t\t\t\t\t\t\t\t                  \r\n\t\t\t\t\t\t\t\t        \t\t\t\t            \r\n\t\t\t\t\t\t\t\t            <a href=\"https:\/\/seepree.com\/?p=4494\">\r\n\t\t\t\t\t\t\t\t            \t<img decoding=\"async\" src=\"https:\/\/seepree.com\/wp-content\/uploads\/2019\/11\/post-6-1-750x500.jpg\" alt=\"\" width=\"750\" height=\"500\">\r\n\t\t\t\t\t\t\t\t            <\/a>\r\n\t\t\t\t\t\t\t\t                        \r\n\t\t\t\t\t\t\t\t    \t\t\t\t\t\t\t\t\t\t\t\t\t\t\t<\/div>\t\t\t\t\t\t\r\n\t\t\t\t\t    \t\t\t\t\t    <div class=\"inner-post\">\r\n\t\t\t\t\t    \t\t\t\t\t\t        <div class=\"entry-header\">\r\n\t\t\t\t\t        \t\t\t\t\t\t\t            <div class=\"entry-meta\">\r\n\t\t\t\t\t\t                <span class=\"byline\"><a class=\"url fn n\" href=\"https:\/\/seepree.com\/?author=3\"><i class=\"flaticon-user\"><\/i> Tom Black<\/a><\/span><span class=\"posted-on\"><a href=\"https:\/\/seepree.com\/?p=4494\" rel=\"bookmark\"><i class=\"flaticon-clock\"><\/i> <time class=\"entry-date published updated\" datetime=\"2019-11-21T04:46:03+03:00\">21 Kas\u0131m 2019<\/time><\/a><\/span><span class=\"comment-num\"><a href=\"https:\/\/seepree.com\/?p=4494#respond\"><i class=\"flaticon-chat\"><\/i> 0 Comments<\/a><\/span>\t\t\t\t\t\t            <\/div><!-- .entry-meta -->\r\n\t\t\t\t\t            \t\t\t\t\t            <h3 class=\"entry-title\"><a href=\"https:\/\/seepree.com\/?p=4494\" rel=\"bookmark\">SEO Best Practices: Mobile  Friendliness<\/a><\/h3>\t\t\t\t\t        <\/div><!-- .entry-header -->\r\n\r\n\t\t\t\t\t        \t\t\t\t\t        <div class=\"entry-summary the-excerpt\">\r\n\t\t\t\t\t            The basic premise of search engine reputation management is to use the...\t\t\t\t\t        <\/div><!-- .entry-content -->\r\n\t\t\t\t\t        \r\n\t\t\t\t\t        \t\t\t\t\t    <\/div>\r\n\t\t\t\t\t<\/div>\r\n\t\t\t\t<\/article>\r\n\t         \r\n\t\t\t\t<article id=\"post-4491\" class=\"post-box masonry-post-item post-4491 post type-post status-publish format-image has-post-thumbnail hentry category-marketing tag-marketing tag-seo post_format-post-format-image\">\r\n\t\t\t\t\t<div class=\"post-inner\">\r\n\t\t\t\t\t    \t\t\t\t\t    \t<div class=\"entry-media\">\r\n\t\t\t\t\t\t\t\t<div class=\"post-cat\"><span class=\"posted-in\"> <a href=\"https:\/\/seepree.com\/?cat=5\" rel=\"category\">Marketing<\/a><\/span><\/div>\t\t\t\t\t\t\t\t\t\t\t\t\t\t\t\t\t\t\t\t\t\t\t\t\t                  \r\n\t\t\t\t\t\t\t\t        \t\t\t\t            \r\n\t\t\t\t\t\t\t\t            <a href=\"https:\/\/seepree.com\/?p=4491\">\r\n\t\t\t\t\t\t\t\t            \t<img decoding=\"async\" src=\"https:\/\/seepree.com\/wp-content\/uploads\/2019\/11\/post-6-2-750x500.jpg\" alt=\"\" width=\"750\" height=\"500\">\r\n\t\t\t\t\t\t\t\t            <\/a>\r\n\t\t\t\t\t\t\t\t                        \r\n\t\t\t\t\t\t\t\t    \t\t\t\t\t\t\t\t\t\t\t\t\t\t\t<\/div>\t\t\t\t\t\t\r\n\t\t\t\t\t    \t\t\t\t\t    <div class=\"inner-post\">\r\n\t\t\t\t\t    \t\t\t\t\t\t        <div class=\"entry-header\">\r\n\t\t\t\t\t        \t\t\t\t\t\t\t            <div class=\"entry-meta\">\r\n\t\t\t\t\t\t                <span class=\"byline\"><a class=\"url fn n\" href=\"https:\/\/seepree.com\/?author=3\"><i class=\"flaticon-user\"><\/i> Tom Black<\/a><\/span><span class=\"posted-on\"><a href=\"https:\/\/seepree.com\/?p=4491\" rel=\"bookmark\"><i class=\"flaticon-clock\"><\/i> <time class=\"entry-date published updated\" datetime=\"2019-09-24T09:23:05+03:00\">24 Eyl\u00fcl 2019<\/time><\/a><\/span><span class=\"comment-num\"><a href=\"https:\/\/seepree.com\/?p=4491#comments\"><i class=\"flaticon-chat\"><\/i> 6 Comments<\/a><\/span>\t\t\t\t\t\t            <\/div><!-- .entry-meta -->\r\n\t\t\t\t\t            \t\t\t\t\t            <h3 class=\"entry-title\"><a href=\"https:\/\/seepree.com\/?p=4491\" rel=\"bookmark\">A Guide to Google SEO  Algorithm Updates<\/a><\/h3>\t\t\t\t\t        <\/div><!-- .entry-header -->\r\n\r\n\t\t\t\t\t        \t\t\t\t\t        <div class=\"entry-summary the-excerpt\">\r\n\t\t\t\t\t            The basic premise of search engine reputation management is to use the...\t\t\t\t\t        <\/div><!-- .entry-content -->\r\n\t\t\t\t\t        \r\n\t\t\t\t\t        \t\t\t\t\t    <\/div>\r\n\t\t\t\t\t<\/div>\r\n\t\t\t\t<\/article>\r\n\t         \r\n\t\t\t\t<article id=\"post-4490\" class=\"post-box masonry-post-item post-4490 post type-post status-publish format-video hentry category-business tag-startup tag-strategy post_format-post-format-video\">\r\n\t\t\t\t\t<div class=\"post-inner\">\r\n\t\t\t\t\t    \t\t\t\t\t\t\t<div class=\"entry-media\">\r\n\t\t\t\t\t\t\t\t<a class=\"btn-play\" href=\"https:\/\/vimeo.com\/87959439\">\r\n\t\t\t\t\t\t\t\t\t<i class=\"fas fa-play\"><\/i>\r\n\t\t\t\t\t\t\t\t<\/a>\r\n\t\t\t\t\t\t\t\t<div class=\"post-cat\"><span class=\"posted-in\"> <a href=\"https:\/\/seepree.com\/?cat=4\" rel=\"category\">Business<\/a><\/span><\/div>\t\t\t\t\t\t\t\t\t\t\t\t\t\t\t\t\t\t\t\t\t\t\t\t\t                  \r\n\t\t\t\t\t\t\t\t        \t\t\t\t\t\t\t\t            <img loading=\"lazy\" decoding=\"async\" src=\"https:\/\/seepree.com\/wp-content\/uploads\/2019\/11\/post-4b-1-750x495.jpg\" alt=\"\" width=\"750\" height=\"495\">\r\n\t\t\t\t\t\t\t\t                        \r\n\t\t\t\t\t\t\t\t    \t\t\t\t\t\t\t\t\t\t\t\t\t\t\t<\/div>\r\n\t\t\t\t\t    \t\t\t\t\t    <div class=\"inner-post\">\r\n\t\t\t\t\t    \t\t\t\t\t\t        <div class=\"entry-header\">\r\n\t\t\t\t\t        \t\t\t\t\t\t\t            <div class=\"entry-meta\">\r\n\t\t\t\t\t\t                <span class=\"byline\"><a class=\"url fn n\" href=\"https:\/\/seepree.com\/?author=1\"><i class=\"flaticon-user\"><\/i> alpataadmin<\/a><\/span><span class=\"posted-on\"><a href=\"https:\/\/seepree.com\/?p=4490\" rel=\"bookmark\"><i class=\"flaticon-clock\"><\/i> <time class=\"entry-date published updated\" datetime=\"2019-08-28T08:11:01+03:00\">28 A\u011fustos 2019<\/time><\/a><\/span><span class=\"comment-num\"><a href=\"https:\/\/seepree.com\/?p=4490#respond\"><i class=\"flaticon-chat\"><\/i> 0 Comments<\/a><\/span>\t\t\t\t\t\t            <\/div><!-- .entry-meta -->\r\n\t\t\t\t\t            \t\t\t\t\t            <h3 class=\"entry-title\"><a href=\"https:\/\/seepree.com\/?p=4490\" rel=\"bookmark\">Best Practices: SEO Syndicated Content<\/a><\/h3>\t\t\t\t\t        <\/div><!-- .entry-header -->\r\n\r\n\t\t\t\t\t        \t\t\t\t\t        <div class=\"entry-summary the-excerpt\">\r\n\t\t\t\t\t            The basic premise of search engine reputation management is to use the...\t\t\t\t\t        <\/div><!-- .entry-content -->\r\n\t\t\t\t\t        \r\n\t\t\t\t\t        \t\t\t\t\t    <\/div>\r\n\t\t\t\t\t<\/div>\r\n\t\t\t\t<\/article>\r\n\t        \t    <\/div>\r\n\t    <ul class=\"page-pagination\">\n\t<li><span aria-current=\"page\" class=\"page-numbers current\">1<\/span><\/li>\n\t<li><a class=\"page-numbers\" href=\"https:\/\/seepree.com\/index.php?rest_route=%2Fwp%2Fv2%2Fpages%2F1391&#038;paged=2\">2<\/a><\/li>\n\t<li><a class=\"page-numbers\" href=\"https:\/\/seepree.com\/index.php?rest_route=%2Fwp%2Fv2%2Fpages%2F1391&#038;paged=3\">3<\/a><\/li>\n\t<li><a class=\"next page-numbers\" href=\"https:\/\/seepree.com\/index.php?rest_route=%2Fwp%2Fv2%2Fpages%2F1391&#038;paged=2\"><i class=\"flaticon-arrow-pointing-to-right\"><\/i><\/a><\/li>\n<\/ul>\n\t    \t\t\t\t\t\t<\/div>\n\t\t\t\t<\/div>\n\t\t\t\t\t<\/div>\n\t\t<\/div>\n\t\t\t\t\t<\/div>\n\t\t<\/section>\n\t\t\t\t<\/div>\n\t\t","protected":false},"excerpt":{"rendered":"<p>Marketing SEO Tom Black November 21, 2019 4 Comments 15 SEO Best Practices: Website Architecture The basic premise of search engine reputation management is to use the&#8230; Marketing SEO Tom Black November 21, 2019 0 Comments SEO Best Practices: Mobile Friendliness The basic premise of search engine reputation management is to use the&#8230; Marketing Tom [&hellip;]<\/p>\n","protected":false},"author":1,"featured_media":0,"parent":0,"menu_order":0,"comment_status":"closed","ping_status":"closed","template":"","meta":{"footnotes":""},"class_list":["post-1391","page","type-page","status-publish","hentry"],"_links":{"self":[{"href":"https:\/\/seepree.com\/index.php?rest_route=\/wp\/v2\/pages\/1391","targetHints":{"allow":["GET"]}}],"collection":[{"href":"https:\/\/seepree.com\/index.php?rest_route=\/wp\/v2\/pages"}],"about":[{"href":"https:\/\/seepree.com\/index.php?rest_route=\/wp\/v2\/types\/page"}],"author":[{"embeddable":true,"href":"https:\/\/seepree.com\/index.php?rest_route=\/wp\/v2\/users\/1"}],"replies":[{"embeddable":true,"href":"https:\/\/seepree.com\/index.php?rest_route=%2Fwp%2Fv2%2Fcomments&post=1391"}],"version-history":[{"count":0,"href":"https:\/\/seepree.com\/index.php?rest_route=\/wp\/v2\/pages\/1391\/revisions"}],"wp:attachment":[{"href":"https:\/\/seepree.com\/index.php?rest_route=%2Fwp%2Fv2%2Fmedia&parent=1391"}],"curies":[{"name":"wp","href":"https:\/\/api.w.org\/{rel}","templated":true}]}}